{"id":473,"date":"2017-12-18T16:17:55","date_gmt":"2017-12-18T14:17:55","guid":{"rendered":"https:\/\/www.golfcoat.fi\/passion4golf\/?page_id=473"},"modified":"2024-11-22T16:57:03","modified_gmt":"2024-11-22T14:57:03","slug":"simulaattorit","status":"publish","type":"page","link":"https:\/\/www.golfcoat.fi\/passion4golf\/simulaattorit\/","title":{"rendered":"Simulaattorit"},"content":{"rendered":"<div  id=\"content-3\" class=\"content-left-image-section content-image-left-undefined\" style=\"background-color: #ffffff; background-image: none;\" data-label=\"Content\" data-id=\"content-image-left-undefined\" data-category=\"content\" data-ovid=\"ovid-content-3-4859\">\n<div  class=\"gridContainer\">\n<div  class=\"row\">\n<div  class=\"content-left-image-imgcol\" data-type=\"column\"><img  decoding=\"async\" class=\"\" src=\"https:\/\/www.golfcoat.fi\/passion4golf\/wp-content\/uploads\/2024\/11\/IMG_20240912_132035-scaled.jpg\" alt=\"\"><\/div>\n<div  class=\"content-left-image-textcol dynamic-color\" data-type=\"column\">\n<h2  class=\"\">Markkinoiden parhaat ja monipuolisimmat simut<\/h2>\n<p  class=\"large_text\">Olitpa suunnittelemassa golfsimulaattoria kotiisi, kaupalliseen k\u00e4ytt\u00f6\u00f6n tai yrityksellesi niin me olemme apunasi. Kokemuksemme ja huippulaadukkaat laitteemme varmistavat, ett\u00e4 l\u00f6yd\u00e4mme juuri sinulle sopivan ratkaisun. Ota meihin yhteytt\u00e4, niin suunnitellaan yhdess\u00e4 projektisi alusta loppuun ja vied\u00e4\u00e4n se maaliin!<\/p>\n\n<a  class=\"button color1\" href=\"https:\/\/golfsimulaattori.fi\" target=\"_blank\" data-icon=\"\">LUE LIS\u00c4\u00c4 &#8211; GOLFSIMULAATTORI.FI<\/a><\/div>\n<\/div>\n<\/div>\n<\/div><div  id=\"viesti\" class=\"contact-3-section\" style=\"background-color: #ffffff; background-image: none;\" data-label=\"Viesti\" data-id=\"contact-3-section\" data-category=\"contact\" data-ovid=\"ovid-contact-2-364\">\n<div  class=\"gridContainer dynamic-color\">\n<div  class=\"contact-3-section-textrow\">\n<div  class=\"contact-3-section-textcol\" data-type=\"column\">\n<h2  class=\"\">J\u00e4t\u00e4 viesti\u00e4 tai tule k\u00e4ym\u00e4\u00e4n<\/h2>\n<p  class=\"\">J\u00e4ik\u00f6 jokin vaivaamaan mielt\u00e4si? Soita, laita viesti\u00e4 alta tai py\u00f6r\u00e4hd\u00e4 meill\u00e4, niin kerromme vastauksen kysymykseesi<\/p>\n\n<\/div>\n<\/div>\n<div  class=\"contact-2columns-contentrow\">\n<div  class=\"contact-3-section-formrow\">\n<div  class=\"contact-3-section-formcol\" data-content-shortcode=\"one_page_express_contact_form shortcode=&quot;contact-form-7 id=&amp;amp;quot;86&amp;amp;quot; title=&amp;amp;quot;Ota Yhteytt\u00e4&amp;amp;quot;&quot;\" data-editable=\"true\">\n<div class=\"wpcf7 no-js\" id=\"wpcf7-f86-o1\" lang=\"fi\" dir=\"ltr\" data-wpcf7-id=\"86\">\n<div class=\"screen-reader-response\"><p role=\"status\" aria-live=\"polite\" aria-atomic=\"true\"><\/p> <ul><\/ul><\/div>\n<form action=\"\/passion4golf\/wp-json\/wp\/v2\/pages\/473#wpcf7-f86-o1\" method=\"post\" class=\"wpcf7-form init\" aria-label=\"Yhteydenottolomake\" novalidate=\"novalidate\" data-status=\"init\">\n<fieldset class=\"hidden-fields-container\"><input type=\"hidden\" name=\"_wpcf7\" value=\"86\" \/><input type=\"hidden\" name=\"_wpcf7_version\" value=\"6.1.5\" \/><input type=\"hidden\" name=\"_wpcf7_locale\" value=\"fi\" \/><input type=\"hidden\" name=\"_wpcf7_unit_tag\" value=\"wpcf7-f86-o1\" \/><input type=\"hidden\" name=\"_wpcf7_container_post\" value=\"0\" \/><input type=\"hidden\" name=\"_wpcf7_posted_data_hash\" value=\"\" \/><input type=\"hidden\" name=\"_wpcf7_recaptcha_response\" value=\"\" \/>\n<\/fieldset>\n<p><label> Nimi (pakollinen)<br \/>\n<span class=\"wpcf7-form-control-wrap\" data-name=\"your-name\"><input size=\"40\" maxlength=\"400\" class=\"wpcf7-form-control wpcf7-text wpcf7-validates-as-required\" aria-required=\"true\" aria-invalid=\"false\" value=\"\" type=\"text\" name=\"your-name\" \/><\/span> <\/label>\n<\/p>\n<p><label> S\u00e4hk\u00f6posti (pakollinen)<br \/>\n<span class=\"wpcf7-form-control-wrap\" data-name=\"your-email\"><input size=\"40\" maxlength=\"400\" class=\"wpcf7-form-control wpcf7-email wpcf7-validates-as-required wpcf7-text wpcf7-validates-as-email\" aria-required=\"true\" aria-invalid=\"false\" value=\"\" type=\"email\" name=\"your-email\" \/><\/span> <\/label>\n<\/p>\n<p><label> Puh. Nro. (pakollinen)<br \/>\n<span class=\"wpcf7-form-control-wrap\" data-name=\"puhelin\"><input size=\"40\" maxlength=\"400\" class=\"wpcf7-form-control wpcf7-tel wpcf7-validates-as-required wpcf7-text wpcf7-validates-as-tel\" aria-required=\"true\" aria-invalid=\"false\" value=\"\" type=\"tel\" name=\"puhelin\" \/><\/span> <\/label>\n<\/p>\n<p><label> Aihe<br \/>\n<span class=\"wpcf7-form-control-wrap\" data-name=\"your-subject\"><input size=\"40\" maxlength=\"400\" class=\"wpcf7-form-control wpcf7-text\" aria-invalid=\"false\" value=\"\" type=\"text\" name=\"your-subject\" \/><\/span> <\/label>\n<\/p>\n<p><label> Viesti<br \/>\n<span class=\"wpcf7-form-control-wrap\" data-name=\"your-message\"><textarea cols=\"40\" rows=\"10\" maxlength=\"2000\" class=\"wpcf7-form-control wpcf7-textarea\" aria-invalid=\"false\" name=\"your-message\"><\/textarea><\/span> <\/label>\n<\/p>\n\n<p><input class=\"wpcf7-form-control wpcf7-submit has-spinner\" type=\"submit\" value=\"L\u00e4het\u00e4\" \/>\n<\/p><div class=\"wpcf7-response-output\" aria-hidden=\"true\"><\/div>\n<\/form>\n<\/div>\n<\/div>\n<\/div>\n<div  class=\"contact-3-section-contactcol\" data-type=\"column\">\n<h5  class=\"\">Golf Coat Oy<\/h5>\n<div  class=\"contact-map-contactcol\">\n<div  class=\"contact-3-section-itemrow\">\n<div  class=\"contact-3-section-iconcol\"><\/div>\n<div  class=\"contact-3-section-info-text\">\n<p  class=\"contact-3-section-itemtextcol\">Karvaamokuja 4, 00380 Helsinki<\/p>\n\n<\/div>\n<\/div>\n<div  class=\"contact-3-section-itemrow\">\n<div  class=\"contact-3-section-iconcol\"><\/div>\n<div  class=\"contact-3-section-info-text\">\n<p  class=\"contact-2columns-itemtextcol\">+358 500 456 320<\/p>\n\n<\/div>\n<\/div>\n<\/div>\n<\/div>\n<\/div>\n<\/div>\n<\/div>","protected":false},"excerpt":{"rendered":"<p>Markkinoiden parhaat ja monipuolisimmat simut Olitpa suunnittelemassa golfsimulaattoria kotiisi, kaupalliseen k\u00e4ytt\u00f6\u00f6n tai yrityksellesi niin me olemme apunasi. Kokemuksemme ja huippulaadukkaat laitteemme varmistavat, ett\u00e4 l\u00f6yd\u00e4mme juuri sinulle sopivan ratkaisun. Ota meihin yhteytt\u00e4, niin suunnitellaan yhdess\u00e4 projektisi alusta loppuun ja vied\u00e4\u00e4n se maaliin! LUE LIS\u00c4\u00c4 &#8211; GOLFSIMULAATTORI.FI J\u00e4t\u00e4 viesti\u00e4 tai tule k\u00e4ym\u00e4\u00e4n J\u00e4ik\u00f6 jokin vaivaamaan mielt\u00e4si? Soita,&hellip; <br \/> <a class=\"button small blue\" href=\"https:\/\/www.golfcoat.fi\/passion4golf\/uusi-500m2-golfkuntosali-avataan-pitajanmaelle\/\">Read more<\/a><\/p>\n","protected":false},"author":2,"featured_media":0,"parent":0,"menu_order":0,"comment_status":"closed","ping_status":"closed","template":"full-width-page.php","meta":{"jetpack_post_was_ever_published":false,"footnotes":""},"class_list":["post-473","page","type-page","status-publish","hentry"],"jetpack_sharing_enabled":true,"jetpack_shortlink":"https:\/\/wp.me\/P9tWkn-7D","_links":{"self":[{"href":"https:\/\/www.golfcoat.fi\/passion4golf\/wp-json\/wp\/v2\/pages\/473","targetHints":{"allow":["GET"]}}],"collection":[{"href":"https:\/\/www.golfcoat.fi\/passion4golf\/wp-json\/wp\/v2\/pages"}],"about":[{"href":"https:\/\/www.golfcoat.fi\/passion4golf\/wp-json\/wp\/v2\/types\/page"}],"author":[{"embeddable":true,"href":"https:\/\/www.golfcoat.fi\/passion4golf\/wp-json\/wp\/v2\/users\/2"}],"replies":[{"embeddable":true,"href":"https:\/\/www.golfcoat.fi\/passion4golf\/wp-json\/wp\/v2\/comments?post=473"}],"version-history":[{"count":31,"href":"https:\/\/www.golfcoat.fi\/passion4golf\/wp-json\/wp\/v2\/pages\/473\/revisions"}],"predecessor-version":[{"id":1051,"href":"https:\/\/www.golfcoat.fi\/passion4golf\/wp-json\/wp\/v2\/pages\/473\/revisions\/1051"}],"wp:attachment":[{"href":"https:\/\/www.golfcoat.fi\/passion4golf\/wp-json\/wp\/v2\/media?parent=473"}],"curies":[{"name":"wp","href":"https:\/\/api.w.org\/{rel}","templated":true}]}}