{"id":4,"date":"2017-12-05T12:25:14","date_gmt":"2017-12-05T10:25:14","guid":{"rendered":"https:\/\/www.golfcoat.fi\/passion4golf\/?page_id=4"},"modified":"2024-11-22T17:01:14","modified_gmt":"2024-11-22T15:01:14","slug":"one-page-express","status":"publish","type":"page","link":"https:\/\/www.golfcoat.fi\/passion4golf\/","title":{"rendered":"Front Page"},"content":{"rendered":"<div  id=\"overlapable-2\" class=\"features-coloured-icon-boxes-section stripped-coloured-icon-boxes\" style=\"background-color: #ffffff;\" data-label=\"Overlapable\" data-id=\"stripped-coloured-icon-boxes\" data-category=\"overlapable\" data-overlap=\"true\">\n<div  class=\"gridContainer\">\n<div  class=\"features-coloured-icon-boxes-innerrow flexbox-list dark-text\" data-type=\"row\">\n<div  class=\"features-coloured-icon-boxes-featurecol cp3cols\"><img  decoding=\"async\" class=\"custom-image\" src=\"https:\/\/www.golfcoat.fi\/passion4golf\/wp-content\/uploads\/2017\/12\/tiit.png\">\n<h4  class=\"\">BioGolfTiit<\/h4>\n<p  class=\"\">Kotimainen BioGolfTii on vehn\u00e4- ja maissit\u00e4rkkelyksest\u00e4 valmistettu vahva ekologinen ja biohajoava tuote. Tuotantomme Pit\u00e4j\u00e4nm\u00e4ess\u00e4 personoi ja painaa haluamasi logot vain muutamassa p\u00e4iv\u00e4ss\u00e4.<\/p>\n<a  class=\"features-coloured-button button transparent\" href=\"https:\/\/www.golfcoat.fi\/passion4golf\/biogolftii\" target=\"_self\" rel=\"noopener\" data-icon=\"\">tutustu<\/a>\n\n<\/div>\n<div  class=\"features-coloured-icon-boxes-featurecol cp3cols\"><img  decoding=\"async\" class=\"custom-image\" src=\"https:\/\/www.golfcoat.fi\/passion4golf\/wp-content\/uploads\/2023\/06\/painatus23.png\" alt=\"\">\n<h4  class=\"\">Painoty\u00f6t\u00e4<\/h4>\n<p  class=\"\">Tuotantomme Pit\u00e4j\u00e4nm\u00e4ell\u00e4 pystyy painamaan p\u00e4ivitt\u00e4in 10.000 golfpalloa tai 100.000 BioGolfTiit\u00e4 haluamillasi logoilla. Uusimme jatkuvasti painolaitteitamme vastaamaan asiakkaan tarpeita.<\/p>\n<a  class=\"features-coloured-button button transparent\" href=\"https:\/\/www.golfcoat.fi\/passion4golf\/painatus\" target=\"_self\" rel=\"noopener\" data-icon=\"\">Lue lis\u00e4\u00e4<\/a>\n\n<\/div>\n<div  class=\"features-coloured-icon-boxes-featurecol cp3cols\"><img  decoding=\"async\" class=\"custom-image\" src=\"https:\/\/www.golfcoat.fi\/passion4golf\/wp-content\/uploads\/2024\/11\/golfsimulaattori-fi.jpg\" alt=\"\">\n<h4  class=\"\">Parhaat simulaattorit<\/h4>\n<p  class=\"\">Tarjoamme kaiken, mit\u00e4 tarvitset golfsimulaattorien toteutukseen. Valikoimaamme kuuluvat alan huippumerkit, kuten ProTee, Foresight ja FlightScope, jotka takaavat parhaan mahdollisen peliel\u00e4myksen ja luotettavuuden.<\/p>\n<a  class=\"features-coloured-button button transparent\" href=\"https:\/\/www.golfcoat.fi\/passion4golf\/simulaattorit\" target=\"_self\" rel=\"noopener\" data-icon=\"\">tutustu<\/a>\n\n<\/div>\n<\/div>\n<\/div>\n<\/div><div  id=\"biogolftii\" class=\"content-left-image-section\" style=\"background-color: #ffffff; background-image: none;\" data-label=\"Biogolftii\" data-id=\"content-image-left\" data-category=\"content\" data-ovid=\"ovid-biogolftii-154\">\n<div  class=\"gridContainer\">\n<div  class=\"row\">\n<div  class=\"content-left-image-imgcol\" data-type=\"column\"><img  decoding=\"async\" class=\"\" src=\"https:\/\/www.golfcoat.fi\/passion4golf\/wp-content\/uploads\/2017\/12\/biogolftii.jpg\"><\/div>\n<div  class=\"content-left-image-textcol dynamic-color\" data-type=\"column\">\n<h2  class=\"\">BioGolfTee ja MatchBook<\/h2>\n<p  class=\"large_text\">Kotimainen BioGolfTee on kest\u00e4v\u00e4 ja ekologinen valinta. Tuotantomme personoi omat tai yrityksesi tiit vain muutamassa p\u00e4iv\u00e4ss\u00e4. Saatavissa 70mm ja 52mm pituisina ja useissa eri v\u00e4reiss\u00e4.<\/p>\nMatchbookissa l\u00f6ytyy useita painopintoja, joissa saat oman markkinointiviestisi upeasti esille. Painetut BioGolfTiit tukevat lis\u00e4ksi viestint\u00e4\u00e4si. BioGolfTiit\u00e4 vied\u00e4\u00e4n jo yli 20 eri maahan Euroopassa.\n\n<a  class=\"button color1\" href=\"https:\/\/www.golfcoat.fi\/passion4golf\/biogolftii\" target=\"_self\" rel=\"noopener\" data-icon=\"\"> LUE LIS\u00c4\u00c4 <\/a>\n\n<\/div>\n<\/div>\n<\/div>\n<\/div><div  id=\"content-3\" class=\"content-left-image-section content-image-left-undefined\" style=\"background-color: #ffffff; background-image: none;\" data-label=\"Content\" data-id=\"content-image-left-undefined\" data-category=\"content\" data-ovid=\"ovid-content-3-4859\">\n<div  class=\"gridContainer\">\n<div  class=\"row\">\n<div  class=\"content-left-image-imgcol\" data-type=\"column\"><img  decoding=\"async\" class=\"\" src=\"https:\/\/www.golfcoat.fi\/passion4golf\/wp-content\/uploads\/2024\/11\/IMG_20240912_132035-scaled.jpg\" alt=\"\"><\/div>\n<div  class=\"content-left-image-textcol dynamic-color\" data-type=\"column\">\n<h2  class=\"\">Markkinoiden parhaat ja monipuolisimmat simut<\/h2>\n<p  class=\"large_text\">Olitpa suunnittelemassa golfsimulaattoria kotiisi, kaupalliseen k\u00e4ytt\u00f6\u00f6n tai yrityksellesi niin me olemme apunasi. Kokemuksemme ja huippulaadukkaat laitteemme varmistavat, ett\u00e4 l\u00f6yd\u00e4mme juuri sinulle sopivan ratkaisun. Ota meihin yhteytt\u00e4, niin suunnitellaan yhdess\u00e4 projektisi alusta loppuun ja vied\u00e4\u00e4n se maaliin!<\/p>\n\n<a  class=\"button color1\" href=\"https:\/\/golfsimulaattori.fi\" target=\"_self\" data-icon=\"\">TUTUSTU &#8211; GOLFSIMULAATTORI.FI<\/a><\/div>\n<\/div>\n<\/div>\n<\/div><div  id=\"painatus\" class=\"content-right-image-section\" style=\"background-color: #f6f6f6; background-image: none;\" data-label=\"Painatus\" data-id=\"content-image-right\" data-category=\"content\" data-ovid=\"ovid-painatus-4593\">\n<div  class=\"gridContainer\">\n<div  class=\"content-right-image-gridcol\">\n<div  class=\"content-right-image-textcol dynamic-color\" data-type=\"column\">\n<h2  class=\"\">Pallopainatus<\/h2>\n<p  class=\"large_text\">Painamme logopalloja vuosittain l\u00e4hes 250.000 kappaletta. P\u00e4ivitt\u00e4inen kapasiteettimme on tarvittaessa 10.000 kpl.<\/p>\nVarastoimme Dixon, Callaway, Srixon, Taylormade ja Wilson pallot, jotka saat tuotannostamme vain parin p\u00e4iv\u00e4n toimitusajalla.\n\nUusi Logojet UVx90R painolaitteemme tuo pallopainatuksen laadun uudelle tasolle.\n\n<a  class=\"button color1\" href=\"https:\/\/www.golfcoat.fi\/passion4golf\/painatus\" target=\"_self\" rel=\"noopener\" data-icon=\"\"> LUE LIS\u00c4\u00c4 <\/a>\n\n<\/div>\n<div  class=\"content-right-image-imgcol\" data-type=\"column\"><img  decoding=\"async\" class=\"\" src=\"https:\/\/www.golfcoat.fi\/passion4golf\/wp-content\/uploads\/2023\/06\/painatustaPukkaa-scaled.jpg\" alt=\"\"><\/div>\n<\/div>\n<\/div>\n<\/div><div  id=\"uutisrintama\" class=\"blog-section\" style=\"background-color: #f6f6f6; background-image: none;\" data-label=\"Uutisrintama\" data-id=\"blog-section\" data-category=\"latest_news\" data-ovid=\"ovid-uutisrintama-669\">\n<div  class=\"gridContainer\">\n<div  class=\"blog-textrow\">\n<div  class=\"blog-textcol dynamic-color\" data-type=\"column\">\n<p  class=\"\">Meill\u00e4 Golf Coatissa sattuu ja tapahtuu.<\/p>\n\n<\/div>\n<\/div>\n<div  class=\"blog-postsrow dark-text\" data-type=\"row\" data-dynamic-columns=\"one_page_express_latest_news_columns\" data-content-shortcode=\"one_page_express_latest_news\">\t\t\t<div id=\"post-832\" class=\"blog-postcol cp3cols\">\n\t\t\t<div class=\"post-content\">\n\t\t\t\t\t\t\t\t\t<a class=\"post-list-item-thumb\" href=\"https:\/\/www.golfcoat.fi\/passion4golf\/golf-coat-oy-ja-moomin-characters-lisenssisopimus\/\">\n\t\t\t\t\t\t<img loading=\"lazy\" decoding=\"async\" width=\"840\" height=\"450\" src=\"https:\/\/www.golfcoat.fi\/passion4golf\/wp-content\/uploads\/2019\/08\/Muumi-pallot-ja-teet.png\" class=\"attachment-post-thumbnail size-post-thumbnail wp-post-image\" alt=\"\" srcset=\"https:\/\/www.golfcoat.fi\/passion4golf\/wp-content\/uploads\/2019\/08\/Muumi-pallot-ja-teet.png 840w, https:\/\/www.golfcoat.fi\/passion4golf\/wp-content\/uploads\/2019\/08\/Muumi-pallot-ja-teet-300x161.png 300w, https:\/\/www.golfcoat.fi\/passion4golf\/wp-content\/uploads\/2019\/08\/Muumi-pallot-ja-teet-768x411.png 768w\" sizes=\"auto, (max-width: 840px) 100vw, 840px\" \/>\t\t\t\t\t<\/a>\n\t\t\t\t\t\t\t\t<div class=\"row_345\">\n\t\t\t\t\t<h3 class=\"blog-title\">\n\t\t\t\t\t\t<a href=\"https:\/\/www.golfcoat.fi\/passion4golf\/golf-coat-oy-ja-moomin-characters-lisenssisopimus\/\" rel=\"bookmark\">\n\t\t\t\t\t\t\tGolf Coat Oy ja Moomin Characters lisenssisopimus\t\t\t\t\t\t<\/a>\n\t\t\t\t\t<\/h3>\n\t\t\t\t\t<p>Muumilaakson asukkaat ilahduttavat pian golf-harrastajia ymp\u00e4ri Suomen. Suosikkihahmoillasi kuvitetut kotimaiset BioGolfTeet, Pokerchip- merkkausnastat sek\u00e4 Callaway, Srixon ja Dixon -golfpallot ovat saatavissa hyvin varustelluilta j\u00e4lleenmyyjilt\u00e4mme tulevan syksyn aikana. \u00a9Moomin Characters&#x2122;<\/p>\n\t\t\t\t\t<a class=\"button blue small\" href=\"https:\/\/www.golfcoat.fi\/passion4golf\/golf-coat-oy-ja-moomin-characters-lisenssisopimus\/\">\n\t\t\t\t\t\t<span data-theme=\"one_page_express_latest_news_read_more\">Lue lis\u00e4\u00e4<\/span>\n\t\t\t\t\t<\/a>\n\t\t\t\t\t\t\t\t\t<\/div>\n\t\t\t<\/div>\n\t\t<\/div>\n\t\t\t\t<div id=\"post-883\" class=\"blog-postcol cp3cols\">\n\t\t\t<div class=\"post-content\">\n\t\t\t\t\t\t\t\t\t<a class=\"post-list-item-thumb\" href=\"https:\/\/www.golfcoat.fi\/passion4golf\/uutuus-flightscope-mevo-simulaattoripaketti-saatavilla\/\">\n\t\t\t\t\t\t<img loading=\"lazy\" decoding=\"async\" width=\"695\" height=\"483\" src=\"https:\/\/www.golfcoat.fi\/passion4golf\/wp-content\/uploads\/2021\/02\/Mevoukot.png\" class=\"attachment-post-thumbnail size-post-thumbnail wp-post-image\" alt=\"\" srcset=\"https:\/\/www.golfcoat.fi\/passion4golf\/wp-content\/uploads\/2021\/02\/Mevoukot.png 695w, https:\/\/www.golfcoat.fi\/passion4golf\/wp-content\/uploads\/2021\/02\/Mevoukot-300x208.png 300w\" sizes=\"auto, (max-width: 695px) 100vw, 695px\" \/>\t\t\t\t\t<\/a>\n\t\t\t\t\t\t\t\t<div class=\"row_345\">\n\t\t\t\t\t<h3 class=\"blog-title\">\n\t\t\t\t\t\t<a href=\"https:\/\/www.golfcoat.fi\/passion4golf\/uutuus-flightscope-mevo-simulaattoripaketti-saatavilla\/\" rel=\"bookmark\">\n\t\t\t\t\t\t\tUUTUUS FlightScope Mevo+ simulaattoripaketti saatavilla.\t\t\t\t\t\t<\/a>\n\t\t\t\t\t<\/h3>\n\t\t\t\t\t<p>FlightScope Mevo+ simulaattoripaketti on saatu markkinoille. Dobbler tutkateknologiaan (kuten Trackman) perustuva simulaattori antaa tarkat analyysit ly\u00f6nnist\u00e4si ja E6 TruGolf kentill\u00e4 p\u00e4\u00e4set fiilistelem\u00e4\u00e4n pelaamista, ennen varsinaisen kauden avausta. K\u00e4y katsomassa www.golfsimulaattori.fi[&hellip;]<\/p>\n\t\t\t\t\t<a class=\"button blue small\" href=\"https:\/\/www.golfcoat.fi\/passion4golf\/uutuus-flightscope-mevo-simulaattoripaketti-saatavilla\/\">\n\t\t\t\t\t\t<span data-theme=\"one_page_express_latest_news_read_more\">Lue lis\u00e4\u00e4<\/span>\n\t\t\t\t\t<\/a>\n\t\t\t\t\t\t\t\t\t<\/div>\n\t\t\t<\/div>\n\t\t<\/div>\n\t\t\t\t<div id=\"post-866\" class=\"blog-postcol cp3cols\">\n\t\t\t<div class=\"post-content\">\n\t\t\t\t\t\t\t\t\t<a class=\"post-list-item-thumb\" href=\"https:\/\/www.golfcoat.fi\/passion4golf\/uudet-tyylikkaat-ja-ekologiset-pakkaukset\/\">\n\t\t\t\t\t\t<img loading=\"lazy\" decoding=\"async\" width=\"1024\" height=\"1233\" src=\"https:\/\/www.golfcoat.fi\/passion4golf\/wp-content\/uploads\/2020\/09\/fchaka-malli-lahjaboxi-1024x1233.jpg\" class=\"attachment-post-thumbnail size-post-thumbnail wp-post-image\" alt=\"\" srcset=\"https:\/\/www.golfcoat.fi\/passion4golf\/wp-content\/uploads\/2020\/09\/fchaka-malli-lahjaboxi-1024x1233.jpg 1024w, https:\/\/www.golfcoat.fi\/passion4golf\/wp-content\/uploads\/2020\/09\/fchaka-malli-lahjaboxi-249x300.jpg 249w, https:\/\/www.golfcoat.fi\/passion4golf\/wp-content\/uploads\/2020\/09\/fchaka-malli-lahjaboxi-851x1024.jpg 851w, https:\/\/www.golfcoat.fi\/passion4golf\/wp-content\/uploads\/2020\/09\/fchaka-malli-lahjaboxi-768x925.jpg 768w, https:\/\/www.golfcoat.fi\/passion4golf\/wp-content\/uploads\/2020\/09\/fchaka-malli-lahjaboxi-1276x1536.jpg 1276w, https:\/\/www.golfcoat.fi\/passion4golf\/wp-content\/uploads\/2020\/09\/fchaka-malli-lahjaboxi-897x1080.jpg 897w, https:\/\/www.golfcoat.fi\/passion4golf\/wp-content\/uploads\/2020\/09\/fchaka-malli-lahjaboxi.jpg 1531w\" sizes=\"auto, (max-width: 1024px) 100vw, 1024px\" \/>\t\t\t\t\t<\/a>\n\t\t\t\t\t\t\t\t<div class=\"row_345\">\n\t\t\t\t\t<h3 class=\"blog-title\">\n\t\t\t\t\t\t<a href=\"https:\/\/www.golfcoat.fi\/passion4golf\/uudet-tyylikkaat-ja-ekologiset-pakkaukset\/\" rel=\"bookmark\">\n\t\t\t\t\t\t\tUudet tyylikk\u00e4\u00e4t ja ekologiset pakkaukset.\t\t\t\t\t\t<\/a>\n\t\t\t\t\t<\/h3>\n\t\t\t\t\t<p>Olemme luoneet yhteisty\u00f6ss\u00e4 Mets\u00e4Boardin kanssa uudet tyylikk\u00e4\u00e4t lahjapakkaukset. Ekologisesta kartongista valmistetut pakkaukset on t\u00e4ysin br\u00e4nd\u00e4tt\u00e4viss\u00e4 yrityksesi n\u00e4k\u00f6iseksi. Lahjapakkaus sis\u00e4lt\u00e4\u00e4 logopallot, greenihaarukan ja merkkarin, BioGolfTiit ja pokerchip markkerit. Jokaiseen tuotteeseen on[&hellip;]<\/p>\n\t\t\t\t\t<a class=\"button blue small\" href=\"https:\/\/www.golfcoat.fi\/passion4golf\/uudet-tyylikkaat-ja-ekologiset-pakkaukset\/\">\n\t\t\t\t\t\t<span data-theme=\"one_page_express_latest_news_read_more\">Lue lis\u00e4\u00e4<\/span>\n\t\t\t\t\t<\/a>\n\t\t\t\t\t\t\t\t\t<\/div>\n\t\t\t<\/div>\n\t\t<\/div>\n\t\t\t\t<div id=\"post-862\" class=\"blog-postcol cp3cols\">\n\t\t\t<div class=\"post-content\">\n\t\t\t\t\t\t\t\t\t<a class=\"post-list-item-thumb\" href=\"https:\/\/www.golfcoat.fi\/passion4golf\/uusi-500m2-golfkuntosali-avataan-pitajanmaelle\/\">\n\t\t\t\t\t\t<img loading=\"lazy\" decoding=\"async\" width=\"1024\" height=\"1357\" src=\"https:\/\/www.golfcoat.fi\/passion4golf\/wp-content\/uploads\/2020\/09\/GK-mainos2020-fore-1024x1357.jpg\" class=\"attachment-post-thumbnail size-post-thumbnail wp-post-image\" alt=\"\" srcset=\"https:\/\/www.golfcoat.fi\/passion4golf\/wp-content\/uploads\/2020\/09\/GK-mainos2020-fore-1024x1357.jpg 1024w, https:\/\/www.golfcoat.fi\/passion4golf\/wp-content\/uploads\/2020\/09\/GK-mainos2020-fore-226x300.jpg 226w, https:\/\/www.golfcoat.fi\/passion4golf\/wp-content\/uploads\/2020\/09\/GK-mainos2020-fore-773x1024.jpg 773w, https:\/\/www.golfcoat.fi\/passion4golf\/wp-content\/uploads\/2020\/09\/GK-mainos2020-fore-768x1018.jpg 768w, https:\/\/www.golfcoat.fi\/passion4golf\/wp-content\/uploads\/2020\/09\/GK-mainos2020-fore-1159x1536.jpg 1159w, https:\/\/www.golfcoat.fi\/passion4golf\/wp-content\/uploads\/2020\/09\/GK-mainos2020-fore-815x1080.jpg 815w, https:\/\/www.golfcoat.fi\/passion4golf\/wp-content\/uploads\/2020\/09\/GK-mainos2020-fore.jpg 1270w\" sizes=\"auto, (max-width: 1024px) 100vw, 1024px\" \/>\t\t\t\t\t<\/a>\n\t\t\t\t\t\t\t\t<div class=\"row_345\">\n\t\t\t\t\t<h3 class=\"blog-title\">\n\t\t\t\t\t\t<a href=\"https:\/\/www.golfcoat.fi\/passion4golf\/uusi-500m2-golfkuntosali-avataan-pitajanmaelle\/\" rel=\"bookmark\">\n\t\t\t\t\t\t\tUusi 500m2 Golfkuntosali avataan Pit\u00e4j\u00e4nm\u00e4elle.\t\t\t\t\t\t<\/a>\n\t\t\t\t\t<\/h3>\n\t\t\t\t\t<p>Syksyksi 2020 avataan uusi huikean hieno golfkuntosali Pit\u00e4j\u00e4nm\u00e4elle, H\u00f6yl\u00e4\u00e4m\u00f6tie 7.<\/p>\n\t\t\t\t\t<a class=\"button blue small\" href=\"https:\/\/www.golfcoat.fi\/passion4golf\/uusi-500m2-golfkuntosali-avataan-pitajanmaelle\/\">\n\t\t\t\t\t\t<span data-theme=\"one_page_express_latest_news_read_more\">Lue lis\u00e4\u00e4<\/span>\n\t\t\t\t\t<\/a>\n\t\t\t\t\t\t\t\t\t<\/div>\n\t\t\t<\/div>\n\t\t<\/div>\n\t\t<\/div>\n<div  class=\"blog-textcol\"><a  class=\"button color1\" href=\"https:\/\/www.golfcoat.fi\/passion4golf\/blog\/\" target=\"_self\" rel=\"noopener\" data-attr-shortcode=\"href:one_page_express_blog_link\" data-icon=\"\">kaikki uutiset<\/a><\/div>\n<\/div>\n<\/div><div  id=\"yhteystiedot\" class=\"team-colors-section\" style=\"background-color: #ffffff;\" data-label=\"Yhteystiedot\" data-id=\"team-colors-section\" data-category=\"team\">\n<div  class=\"gridContainer\">\n<div  class=\"team-colors-textcol dynamic-color\">\n<h2 >Team Golf Coat<\/h2>\n<p  class=\"\">Pieni, mutta pippurinen tiimimme on aina valmiina vastaamaan kaikkiin haasteisiin.<\/p>\n\n<\/div>\n<div  class=\"team-colors-membersrow dark-text\" data-type=\"row\">\n<div  class=\"team-colors-membercol cp6cols-tablet cp4cols\">\n<div  class=\"team-colors-membercard\">\n<div  class=\"team-colors-background\"><\/div>\n<div  class=\"team-colors-memberinfo\" data-type=\"column\"><img  decoding=\"async\" class=\"team-colors-memberimg\" src=\"https:\/\/www.golfcoat.fi\/passion4golf\/wp-content\/uploads\/2017\/12\/cropped-akik.jpg\" data-size=\"500x500\">\n<h4  class=\"team-colors-membername\">Aki Kuivaniemi<\/h4>\n<p  class=\"team-colors-memberposition\">Toimitusjohtaja &amp; Tuta<\/p>\n<p  class=\"\">Tiinkova bisnesmies ja vanhan liiton punkkari.<\/p>\n\n\n<hr  class=\"team-colors-separator\">\n\n<h5  class=\"\">+358 500 456 320<\/h5>\n<h4  class=\"\" style=\"line-height: 29.97px;\">aki.kuivaniemi@&nbsp;golfcoat.fi<\/h4>\n<\/div>\n<div  class=\"team-colors-membericons\" data-type=\"group\"><\/div>\n<\/div>\n<\/div>\n<div  class=\"team-colors-membercol cp6cols-tablet cp4cols\">\n<div  class=\"team-colors-membercard\">\n<div  class=\"team-colors-background\"><\/div>\n<div  class=\"team-colors-memberinfo\" data-type=\"column\"><img  decoding=\"async\" class=\"team-colors-memberimg\" src=\"https:\/\/www.golfcoat.fi\/passion4golf\/wp-content\/uploads\/2017\/12\/cropped-helik2.jpg\" data-size=\"500x500\">\n<h4  class=\"team-colors-membername\">Heli Kuivaniemi<\/h4>\n<p  class=\"team-colors-memberposition\">Kirstunvartija &amp; \u00c4iree<\/p>\n<p  class=\"\">Ongelma on mahdoton jossei \u00c4iree saa sit\u00e4 hoidettua.<\/p>\n\n\n<hr  class=\"team-colors-separator\">\n\n<h5  class=\"\">+358 50 5900 485<\/h5>\n<h4  class=\"\" style=\"line-height: 29.97px;\">heli.kuivaniemi@&nbsp;golfcoat.fi<\/h4>\n<\/div>\n<div  class=\"team-colors-membericons\" data-type=\"group\"><\/div>\n<\/div>\n<\/div>\n<div  class=\"team-colors-membercol cp6cols-tablet cp4cols\">\n<div  class=\"team-colors-membercard\">\n<div  class=\"team-colors-background\"><\/div>\n<div  class=\"team-colors-memberinfo\" data-type=\"column\"><img  decoding=\"async\" class=\"team-colors-memberimg\" src=\"https:\/\/www.golfcoat.fi\/passion4golf\/wp-content\/uploads\/2017\/12\/cropped-joosuk2.jpg\" data-size=\"500x500\">\n<h4  class=\"team-colors-membername\">Joosu Kuivaniemi<\/h4>\n<p  class=\"team-colors-memberposition\">Mr. Tuotanto<\/p>\n<p  class=\"\">Golf Coat Oy:n selk\u00e4ranka ja simulaattorivelho<\/p>\n\n\n<hr  class=\"team-colors-separator\">\n\n<h5  class=\"\">+358 50 5363 699<\/h5>\n<h4  class=\"\" style=\"line-height: 29.97px;\">joosu.kuivaniemi@&nbsp;golfcoat.fi<\/h4>\n<\/div>\n<div  class=\"team-colors-membericons\" data-type=\"group\"><\/div>\n<\/div>\n<\/div>\n<\/div>\n<\/div>\n<\/div><div  id=\"about-3\" class=\"about-images-right-section\" style=\"background-color: #f6f6f6;\" data-label=\"About\" data-id=\"about-images-right-section\" data-category=\"about\">\n<div  class=\"gridContainer dynamic-color\">\n<div  class=\"about-images-right-innerrow dynamic-color\">\n<div  class=\"about-images-right-textcol\" data-type=\"column\">\n<h2  class=\"about-images-right-bigtitle\">Golf Coat Oy<\/h2>\n<p  class=\"\">Karvaamokuja 4, 3 krs.\n00380 Helsinki\nSuomi Finland<\/p>\nY-tunnus 02245773\n\n+358 500 456 320\n\n<a  class=\"button blue\" href=\"https:\/\/www.google.fi\/maps\/place\/Golf+Coat+Oy\/@60.2164149,24.8798842,528m\/data=!3m1!1e3!4m5!3m4!1s0x468df3999c2c2593:0x6daeefcbdba8820a!8m2!3d60.2164149!4d24.8820729\" target=\"_blank\" rel=\"noopener\">Kartta auki<\/a>\n\n<\/div>\n<div  class=\"about-images-right-imgcol\"><img  decoding=\"async\" class=\"about-images-right-topimg\" src=\"https:\/\/www.golfcoat.fi\/passion4golf\/wp-content\/uploads\/2017\/12\/paku4.jpg\"><img  decoding=\"async\" class=\"about-images-right-rightimg\" src=\"https:\/\/www.golfcoat.fi\/passion4golf\/wp-content\/uploads\/2017\/12\/aki_kuivaniemi_heli_kuivaniemi_2.jpg\"><img  decoding=\"async\" class=\"about-images-right-leftimg\" src=\"https:\/\/www.golfcoat.fi\/passion4golf\/wp-content\/uploads\/2017\/12\/golfcoat-color.jpg\"><\/div>\n<\/div>\n<\/div>\n<\/div><div  id=\"viesti\" class=\"contact-3-section\" style=\"background-color: #ffffff; background-image: none;\" data-label=\"Viesti\" data-id=\"contact-3-section\" data-category=\"contact\" data-ovid=\"ovid-contact-2-364\">\n<div  class=\"gridContainer dynamic-color\">\n<div  class=\"contact-3-section-textrow\">\n<div  class=\"contact-3-section-textcol\" data-type=\"column\">\n<h2  class=\"\">J\u00e4t\u00e4 viesti\u00e4 tai tule k\u00e4ym\u00e4\u00e4n<\/h2>\n<p  class=\"\">J\u00e4ik\u00f6 jokin vaivaamaan mielt\u00e4si? Soita, laita viesti\u00e4 alta tai py\u00f6r\u00e4hd\u00e4 meill\u00e4, niin kerromme vastauksen kysymykseesi<\/p>\n\n<\/div>\n<\/div>\n<div  class=\"contact-2columns-contentrow\">\n<div  class=\"contact-3-section-formrow\">\n<div  class=\"contact-3-section-formcol\" data-content-shortcode=\"one_page_express_contact_form shortcode=&quot;contact-form-7 id=&amp;amp;quot;86&amp;amp;quot; title=&amp;amp;quot;Ota Yhteytt\u00e4&amp;amp;quot;&quot;\" data-editable=\"true\">\n<div class=\"wpcf7 no-js\" id=\"wpcf7-f86-o1\" lang=\"fi\" dir=\"ltr\" data-wpcf7-id=\"86\">\n<div class=\"screen-reader-response\"><p role=\"status\" aria-live=\"polite\" aria-atomic=\"true\"><\/p> <ul><\/ul><\/div>\n<form action=\"\/passion4golf\/wp-json\/wp\/v2\/pages\/4#wpcf7-f86-o1\" method=\"post\" class=\"wpcf7-form init\" aria-label=\"Yhteydenottolomake\" novalidate=\"novalidate\" data-status=\"init\">\n<fieldset class=\"hidden-fields-container\"><input type=\"hidden\" name=\"_wpcf7\" value=\"86\" \/><input type=\"hidden\" name=\"_wpcf7_version\" value=\"6.1.5\" \/><input type=\"hidden\" name=\"_wpcf7_locale\" value=\"fi\" \/><input type=\"hidden\" name=\"_wpcf7_unit_tag\" value=\"wpcf7-f86-o1\" \/><input type=\"hidden\" name=\"_wpcf7_container_post\" value=\"0\" \/><input type=\"hidden\" name=\"_wpcf7_posted_data_hash\" value=\"\" \/><input type=\"hidden\" name=\"_wpcf7_recaptcha_response\" value=\"\" \/>\n<\/fieldset>\n<p><label> Nimi (pakollinen)<br \/>\n<span class=\"wpcf7-form-control-wrap\" data-name=\"your-name\"><input size=\"40\" maxlength=\"400\" class=\"wpcf7-form-control wpcf7-text wpcf7-validates-as-required\" aria-required=\"true\" aria-invalid=\"false\" value=\"\" type=\"text\" name=\"your-name\" \/><\/span> <\/label>\n<\/p>\n<p><label> S\u00e4hk\u00f6posti (pakollinen)<br \/>\n<span class=\"wpcf7-form-control-wrap\" data-name=\"your-email\"><input size=\"40\" maxlength=\"400\" class=\"wpcf7-form-control wpcf7-email wpcf7-validates-as-required wpcf7-text wpcf7-validates-as-email\" aria-required=\"true\" aria-invalid=\"false\" value=\"\" type=\"email\" name=\"your-email\" \/><\/span> <\/label>\n<\/p>\n<p><label> Puh. Nro. (pakollinen)<br \/>\n<span class=\"wpcf7-form-control-wrap\" data-name=\"puhelin\"><input size=\"40\" maxlength=\"400\" class=\"wpcf7-form-control wpcf7-tel wpcf7-validates-as-required wpcf7-text wpcf7-validates-as-tel\" aria-required=\"true\" aria-invalid=\"false\" value=\"\" type=\"tel\" name=\"puhelin\" \/><\/span> <\/label>\n<\/p>\n<p><label> Aihe<br \/>\n<span class=\"wpcf7-form-control-wrap\" data-name=\"your-subject\"><input size=\"40\" maxlength=\"400\" class=\"wpcf7-form-control wpcf7-text\" aria-invalid=\"false\" value=\"\" type=\"text\" name=\"your-subject\" \/><\/span> <\/label>\n<\/p>\n<p><label> Viesti<br \/>\n<span class=\"wpcf7-form-control-wrap\" data-name=\"your-message\"><textarea cols=\"40\" rows=\"10\" maxlength=\"2000\" class=\"wpcf7-form-control wpcf7-textarea\" aria-invalid=\"false\" name=\"your-message\"><\/textarea><\/span> <\/label>\n<\/p>\n\n<p><input class=\"wpcf7-form-control wpcf7-submit has-spinner\" type=\"submit\" value=\"L\u00e4het\u00e4\" \/>\n<\/p><div class=\"wpcf7-response-output\" aria-hidden=\"true\"><\/div>\n<\/form>\n<\/div>\n<\/div>\n<\/div>\n<div  class=\"contact-3-section-contactcol\" data-type=\"column\">\n<h5  class=\"\">Golf Coat Oy<\/h5>\n<div  class=\"contact-map-contactcol\">\n<div  class=\"contact-3-section-itemrow\">\n<div  class=\"contact-3-section-iconcol\"><\/div>\n<div  class=\"contact-3-section-info-text\">\n<p  class=\"contact-3-section-itemtextcol\">Karvaamokuja 4, 00380 Helsinki<\/p>\n\n<\/div>\n<\/div>\n<div  class=\"contact-3-section-itemrow\">\n<div  class=\"contact-3-section-iconcol\"><\/div>\n<div  class=\"contact-3-section-info-text\">\n<p  class=\"contact-2columns-itemtextcol\">+358 500 456 320<\/p>\n\n<\/div>\n<\/div>\n<\/div>\n<\/div>\n<\/div>\n<\/div>\n<\/div>","protected":false},"excerpt":{"rendered":"<p>BioGolfTiit Kotimainen BioGolfTii on vehn\u00e4- ja maissit\u00e4rkkelyksest\u00e4 valmistettu vahva ekologinen ja biohajoava tuote. Tuotantomme Pit\u00e4j\u00e4nm\u00e4ess\u00e4 personoi ja painaa haluamasi logot vain muutamassa p\u00e4iv\u00e4ss\u00e4. tutustu Painoty\u00f6t\u00e4 Tuotantomme Pit\u00e4j\u00e4nm\u00e4ell\u00e4 pystyy painamaan p\u00e4ivitt\u00e4in 10.000 golfpalloa tai 100.000 BioGolfTiit\u00e4 haluamillasi logoilla. Uusimme jatkuvasti painolaitteitamme vastaamaan asiakkaan tarpeita. Lue lis\u00e4\u00e4 Parhaat simulaattorit Tarjoamme kaiken, mit\u00e4 tarvitset golfsimulaattorien toteutukseen. Valikoimaamme kuuluvat&hellip; <br \/> <a class=\"button small blue\" href=\"https:\/\/www.golfcoat.fi\/passion4golf\/uusi-500m2-golfkuntosali-avataan-pitajanmaelle\/\">Read more<\/a><\/p>\n","protected":false},"author":1,"featured_media":0,"parent":0,"menu_order":0,"comment_status":"closed","ping_status":"closed","template":"full-width-page.php","meta":{"jetpack_post_was_ever_published":false,"footnotes":""},"class_list":["post-4","page","type-page","status-publish","hentry"],"jetpack_sharing_enabled":true,"jetpack_shortlink":"https:\/\/wp.me\/P9tWkn-4","_links":{"self":[{"href":"https:\/\/www.golfcoat.fi\/passion4golf\/wp-json\/wp\/v2\/pages\/4","targetHints":{"allow":["GET"]}}],"collection":[{"href":"https:\/\/www.golfcoat.fi\/passion4golf\/wp-json\/wp\/v2\/pages"}],"about":[{"href":"https:\/\/www.golfcoat.fi\/passion4golf\/wp-json\/wp\/v2\/types\/page"}],"author":[{"embeddable":true,"href":"https:\/\/www.golfcoat.fi\/passion4golf\/wp-json\/wp\/v2\/users\/1"}],"replies":[{"embeddable":true,"href":"https:\/\/www.golfcoat.fi\/passion4golf\/wp-json\/wp\/v2\/comments?post=4"}],"version-history":[{"count":117,"href":"https:\/\/www.golfcoat.fi\/passion4golf\/wp-json\/wp\/v2\/pages\/4\/revisions"}],"predecessor-version":[{"id":1053,"href":"https:\/\/www.golfcoat.fi\/passion4golf\/wp-json\/wp\/v2\/pages\/4\/revisions\/1053"}],"wp:attachment":[{"href":"https:\/\/www.golfcoat.fi\/passion4golf\/wp-json\/wp\/v2\/media?parent=4"}],"curies":[{"name":"wp","href":"https:\/\/api.w.org\/{rel}","templated":true}]}}